{"id":7022,"date":"2024-08-13T09:19:17","date_gmt":"2024-08-13T08:19:17","guid":{"rendered":"https:\/\/www.gitedelhonneux.be\/?page_id=7022"},"modified":"2024-10-23T09:21:48","modified_gmt":"2024-10-23T08:21:48","slug":"english-a-legnepszerubb-portugal-online-kaszinok-listaja-a-znaki-fm-hu-webhelyrol","status":"publish","type":"page","link":"https:\/\/www.gitedelhonneux.be\/nl\/english-a-legnepszerubb-portugal-online-kaszinok-listaja-a-znaki-fm-hu-webhelyrol\/","title":{"rendered":"(English) A legn\u00e9pszer\u0171bb portug\u00e1l online kaszin\u00f3k list\u00e1ja a znaki.fm\/hu\/ webhelyr\u0151l"},"content":{"rendered":"<p class=\"qtranxs-available-languages-message qtranxs-available-languages-message-nl\">Onze verontschuldigingen, dit bericht is alleen beschikbaar in <a href=\"https:\/\/www.gitedelhonneux.be\/en\/wp-json\/wp\/v2\/pages\/7022\" class=\"qtranxs-available-language-link qtranxs-available-language-link-en\" title=\"English\">English<\/a>.<\/p>","protected":false},"excerpt":{"rendered":"<p>Onze verontschuldigingen, dit bericht is alleen beschikbaar in English.<\/p>\n","protected":false},"author":4,"featured_media":0,"parent":0,"menu_order":0,"comment_status":"closed","ping_status":"closed","template":"","meta":{"footnotes":""},"class_list":["post-7022","page","type-page","status-publish","hentry"],"_links":{"self":[{"href":"https:\/\/www.gitedelhonneux.be\/nl\/wp-json\/wp\/v2\/pages\/7022","targetHints":{"allow":["GET"]}}],"collection":[{"href":"https:\/\/www.gitedelhonneux.be\/nl\/wp-json\/wp\/v2\/pages"}],"about":[{"href":"https:\/\/www.gitedelhonneux.be\/nl\/wp-json\/wp\/v2\/types\/page"}],"author":[{"embeddable":true,"href":"https:\/\/www.gitedelhonneux.be\/nl\/wp-json\/wp\/v2\/users\/4"}],"replies":[{"embeddable":true,"href":"https:\/\/www.gitedelhonneux.be\/nl\/wp-json\/wp\/v2\/comments?post=7022"}],"version-history":[{"count":1,"href":"https:\/\/www.gitedelhonneux.be\/nl\/wp-json\/wp\/v2\/pages\/7022\/revisions"}],"predecessor-version":[{"id":7023,"href":"https:\/\/www.gitedelhonneux.be\/nl\/wp-json\/wp\/v2\/pages\/7022\/revisions\/7023"}],"wp:attachment":[{"href":"https:\/\/www.gitedelhonneux.be\/nl\/wp-json\/wp\/v2\/media?parent=7022"}],"curies":[{"name":"wp","href":"https:\/\/api.w.org\/{rel}","templated":true}]}}