{"id":7022,"date":"2024-08-13T09:19:17","date_gmt":"2024-08-13T08:19:17","guid":{"rendered":"https:\/\/www.gitedelhonneux.be\/?page_id=7022"},"modified":"2024-10-23T09:21:48","modified_gmt":"2024-10-23T08:21:48","slug":"english-a-legnepszerubb-portugal-online-kaszinok-listaja-a-znaki-fm-hu-webhelyrol","status":"publish","type":"page","link":"https:\/\/www.gitedelhonneux.be\/en\/english-a-legnepszerubb-portugal-online-kaszinok-listaja-a-znaki-fm-hu-webhelyrol\/","title":{"rendered":"A legn\u00e9pszer\u0171bb portug\u00e1l online kaszin\u00f3k list\u00e1ja a znaki.fm\/hu\/ webhelyr\u0151l"},"content":{"rendered":"<p><\/p>\n<p>Online kaszin\u00f3 ezek a hagyom\u00e1nyos kaszin\u00f3k virtu\u00e1lis anal\u00f3gjai, amelyek lehet\u0151v\u00e9 teszik a felhaszn\u00e1l\u00f3k sz\u00e1m\u00e1ra, hogy online oldalakon szerencsej\u00e1t\u00e9kot j\u00e1tsszanak. Az els\u0151 online kaszin\u00f3kat az 1990-es \u00e9vek k\u00f6zep\u00e9n hozt\u00e1k l\u00e9tre, \u00e9s az\u00f3ta jelent\u0151s v\u00e1ltoz\u00e1sokon mentek kereszt\u00fcl, \u00e9s \u00e1ltal\u00e1ban kellemess\u00e9 \u00e9s nyeres\u00e9gess\u00e9 v\u00e1ltak a portug\u00e1l j\u00e1t\u00e9kosok sz\u00e1m\u00e1ra. Lehet\u0151v\u00e9 teszik a j\u00f3l ismert sz\u00f3rakoztat\u00e1st otthonr\u00f3l val\u00f3 t\u00e1voz\u00e1s n\u00e9lk\u00fcl, ami nyeres\u00e9gess\u00e9 \u00e9s h\u00edress\u00e9 teszi a webkaszin\u00f3kat a p\u00e9nzes j\u00e1t\u00e9kok \u00ednyencei k\u00f6r\u00e9ben. Ha t\u00f6bbet szeretne megtudni a val\u00f3di p\u00e9nzes kaszin\u00f3k, akkor k\u00f6vesse ezt a linket: <a href=\"https:\/\/znaki.fm\/hu\/kaszinok\/valodi-penzes-kaszino\/\">https:\/\/znaki.fm\/hu\/kaszinok\/valodi-penzes-kaszino\/<\/a>. Az online kaszin\u00f3k jelent\u0151s el\u0151nyei k\u00f6z\u00e9 tartozik a 24 \u00f3r\u00e1s hozz\u00e1f\u00e9r\u00e9s, a nyer\u0151g\u00e9pek sz\u00e9les v\u00e1laszt\u00e9ka \u00e9s a prom\u00f3ci\u00f3s k\u00f3dok a szerencsej\u00e1t\u00e9kok szerelmeseinek . Azonban, mint minden p\u00e9nzes j\u00e1t\u00e9k eset\u00e9ben, itt sem szabad megfeledkezni az esetleges vesztes\u00e9gekr\u0151l, \u00e9s j\u00e1tsszon felel\u0151ss\u00e9gteljesen.<\/p>\n<h2>A portug\u00e1liai online kaszin\u00f3k j\u00e1t\u00e9kt\u00edpusai<\/h2>\n<p>A portug\u00e1liai szerencsej\u00e1t\u00e9kok szerelmesei sz\u00e1m\u00e1ra az online kaszin\u00f3k rengeteg min\u0151s\u00e9gi \u00e9s bev\u00e1lt p\u00e9nzes j\u00e1t\u00e9kot k\u00edn\u00e1lnak. A szerencsej\u00e1t\u00e9kosokat meglepte a sz\u00e9les v\u00e1laszt\u00e9k, de mi mindenkinek elmondunk mindent. H\u00edres p\u00e9nzes j\u00e1t\u00e9kokr\u00f3l k\u00e9sz\u00edtett\u00fcnk statisztik\u00e1kat a weboldalakon.<\/p>\n<p>T\u00e1bl\u00e1zat a h\u00edres sz\u00f3rakoztat\u00e1sokr\u00f3l \u00e9s jellemz\u0151ikr\u0151l<\/p>\n<table>\n<tbody>\n<tr>\n<td>\n<p>Sz\u00f3rakoz\u00e1s<\/p>\n<\/td>\n<td>\n<p>F\u0151 tulajdons\u00e1gok<\/p>\n<\/td>\n<td>\n<p>P\u00e9ld\u00e1k ismert fajokra<\/p>\n<\/td>\n<\/tr>\n<tr>\n<td>\n<p>Online rulett<\/p>\n<\/td>\n<td>\n<p>Forg\u00f3 ker\u00e9k, fogad\u00e1sok sz\u00e1mokra \u00e9s sz\u00ednekre<\/p>\n<\/td>\n<td>\n<p>Eur\u00f3pai, amerikai, francia<\/p>\n<\/td>\n<\/tr>\n<tr>\n<td>\n<p>Blackjack<\/p>\n<\/td>\n<td>\n<p>A c\u00e9l 21 pont megszerz\u00e9se<\/p>\n<\/td>\n<td>\n<p>Klasszikus Blackjack, Atlantic City<\/p>\n<\/td>\n<\/tr>\n<tr>\n<td>\n<p>Virtu\u00e1lis p\u00f3ker<\/p>\n<\/td>\n<td>\n<p>Er\u0151s k\u00e1rtyakombin\u00e1ci\u00f3, csal\u00e1s<\/p>\n<\/td>\n<td>\n<p>Texas Hold&#8217;em, Omaha<\/p>\n<\/td>\n<\/tr>\n<tr>\n<td>\n<p>Baccarat<\/p>\n<\/td>\n<td>\n<p>J\u00e1t\u00e9kos, oszt\u00f3 vagy d\u00f6ntetlen fogad\u00e1sok<\/p>\n<\/td>\n<td>\n<p>Punto Banco, Chemin de Fer<\/p>\n<\/td>\n<\/tr>\n<tr>\n<td>\n<p>Bing\u00f3<\/p>\n<\/td>\n<td>\n<p>A k\u00e1rtya kit\u00f6lt\u00e9se sz\u00e1mokkal<\/p>\n<\/td>\n<td>\n<p>75 goly\u00f3s, 90 goly\u00f3s<\/p>\n<\/td>\n<\/tr>\n<\/tbody>\n<\/table>\n<h3>Nyer\u0151g\u00e9pek<\/h3>\n<p>A nyer\u0151g\u00e9pek szerepelnek az online kaszin\u00f3k legjobb \u00e9s legn\u00e9pszer\u0171bb j\u00e1t\u00e9kainak list\u00e1j\u00e1n. A p\u00e9nznyer\u0151 automat\u00e1k keletkez\u00e9s\u00e9nek t\u00f6rt\u00e9nete a 19. sz\u00e1zad v\u00e9g\u00e9n kezd\u0151dik a k\u00f6z\u00f6ns\u00e9ges p\u00e9nznyer\u0151 automat\u00e1kkal, napjainkra pedig korszer\u0171s\u00edtett\u00e9k a legfrissebb, v\u00e1ltozatos t\u00e9m\u00e1j\u00fa \u00e9s c\u00e9l\u00fa sz\u00e1m\u00edt\u00f3g\u00e9pes j\u00e1t\u00e9kokra.<\/p>\n<p>A nyer\u0151g\u00e9pek t\u00f6bb t\u00edpusra oszthat\u00f3k:<\/p>\n<ul>\n<li>Norm\u00e1l j\u00e1t\u00e9kautomat\u00e1k hasonl\u00f3 a hagyom\u00e1nyos k\u00e9szp\u00e9nzes j\u00e1t\u00e9kokhoz 3 t\u00e1rcs\u00e1val \u00e9s norm\u00e1l szimb\u00f3lumokkal.<\/li>\n<li>Vide\u00f3s sz\u00f3rakoztat\u00e1s a leg\u00fajabb nyer\u0151g\u00e9pek \u00f6t hord\u00f3val, sz\u00e1mos fizet\u00e9si lehet\u0151s\u00e9ggel \u00e9s k\u00fcl\u00f6nf\u00e9le b\u00f3nuszj\u00e1t\u00e9kokkal.<\/li>\n<li>3D b\u0151v\u00edt\u0151helyek kiv\u00e1l\u00f3 min\u0151s\u00e9g\u0171 r\u00e9szletekkel \u00e9s anim\u00e1ci\u00f3kkal k\u00fcl\u00f6nb\u00f6ztethet\u0151k meg, ami egyre izgalmasabb\u00e1 teszi a j\u00e1t\u00e9kot.<\/li>\n<\/ul>\n<p>A j\u00e1t\u00e9kg\u00e9pekkel val\u00f3 j\u00e1t\u00e9k f\u0151bb jellemz\u0151i \u00e9s strat\u00e9gi\u00e1i k\u00f6z\u00e9 tartozik a t\u00e9t kiv\u00e1laszt\u00e1sa, a kifizet\u00e9si lehet\u0151s\u00e9gek sz\u00e1ma, valamint a gomb aktiv\u00e1l\u00e1sa a t\u00e1rcs\u00e1k elind\u00edt\u00e1s\u00e1hoz. A n\u00e9pszer\u0171 nyer\u0151g\u00e9pek k\u00f6z\u00e9 olyan sz\u00f3rakoztat\u00f3 j\u00e1t\u00e9kok tartoznak, mint a Book of Dead, a Starburst \u00e9s a Zeus.<\/p>\n<h3>T\u00e1rsasj\u00e1t\u00e9kok<\/h3>\n<p>Az asztali j\u00e1t\u00e9kok fontos szerepet j\u00e1tszanak a webkaszin\u00f3 kiv\u00e1laszt\u00e1s\u00e1ban. Az asztali j\u00e1t\u00e9kok egyed\u00fcl\u00e1ll\u00f3 \u00e9lm\u00e9nyt k\u00edn\u00e1lnak a szerencsej\u00e1t\u00e9kosoknak, \u00e9s lehet\u0151s\u00e9get adnak arra, hogy strat\u00e9gi\u00e1kat alkalmazzanak nyer\u00e9si es\u00e9lyeik n\u00f6vel\u00e9s\u00e9re.<\/p>\n<h3>Rulett<\/h3>\n<p>Rulett egy kultikus t\u00e1rsasj\u00e1t\u00e9k, amely t\u00f6bbf\u00e9le form\u00e1tumban kaphat\u00f3: eur\u00f3pai, amerikai \u00e9s francia. A sz\u00f3rakoz\u00e1s f\u0151 elve abb\u00f3l \u00e1ll, hogy kital\u00e1ljuk, melyik sz\u00e1mra vagy sz\u00ednre fog landolni a krupi\u00e9 \u00e1ltal a forg\u00f3 ker\u00e9kre dobott labda.<\/p>\n<ul>\n<li>Az eur\u00f3pai online rulett 37 cell\u00e1t tartalmaz (egyt\u0151l 36-ig \u00e9s 0-ig).<\/li>\n<li>Az amerikai rulett 38 cell\u00e1t tartalmaz (tov\u00e1bbi dupla nulla).<\/li>\n<li>A francia online rulett hasonl\u00f3 az eur\u00f3pai ruletthez, de n\u00e9mileg elt\u00e9r\u0151 fogad\u00e1si szab\u00e1lyokkal.<\/li>\n<\/ul>\n<h3>Online blackjack<\/h3>\n<p>Online blackjack az egyik legh\u00edresebb k\u00e1rtyaj\u00e1t\u00e9k az online kaszin\u00f3kban. A j\u00e1t\u00e9k c\u00e9lja pontokat szerezzen a lehet\u0151 legk\u00f6zelebb a huszonegyhez, de ne haladja meg azt. A szerencsej\u00e1t\u00e9kosoknak k\u00e9t lapja van, \u00e9s tov\u00e1bbi k\u00e1rty\u00e1kat vehetnek el, hogy megk\u00eds\u00e9relj\u00e9k legy\u0151zni a fogad\u00f3 kez\u00e9t.<\/p>\n<p>A n\u00e9pszer\u0171 taktik\u00e1k k\u00f6z\u00e9 tartozik a dupl\u00e1z\u00e1s, a k\u00e1rty\u00e1k feloszt\u00e1sa \u00e9s a viszontbiztos\u00edt\u00e1s.<\/p>\n<h3>Online baccarat<\/h3>\n<p>Baccarat egy szabv\u00e1nyos j\u00e1t\u00e9k, amelyben a j\u00e1t\u00e9kosok fogadhatnak a j\u00e1t\u00e9kosra, a h\u00e1zigazd\u00e1ra vagy a d\u00f6ntetlenre. A j\u00e1t\u00e9k azonnali, \u00e9s a f\u0151 szab\u00e1lyok az, hogy kital\u00e1ljuk, kinek a lapja lesz k\u00f6zelebb a 9 ponthoz.<\/p>\n<p>A baccarat fajt\u00e1i k\u00f6z\u00e9 tartozik<\/p>\n<ul>\n<li>Punto Banco<\/li>\n<li>Chemin de Fer<\/li>\n<li>Baccarat Banque.<\/li>\n<\/ul>\n<h3>virtu\u00e1lis p\u00f3ker<\/h3>\n<p>Online p\u00f3ker ez egy olyan j\u00e1t\u00e9k, amely sz\u00e1mos t\u00edpust tartalmaz, \u00e9s Portug\u00e1li\u00e1ban az egyik leg\u00e9rdekesebb online kaszin\u00f3. A p\u00f3ker f\u0151bb t\u00edpusai a k\u00f6vetkez\u0151k:<\/p>\n<ol>\n<li>Texas Hold&#8217;em<\/li>\n<li>Omahu<\/li>\n<li>Csorda<\/li>\n<\/ol>\n<p>A sz\u00f3rakoztat\u00e1s c\u00e9lja \u00e9p\u00edts fel egy er\u0151s paklit, vagy strat\u00e9giai d\u00f6nt\u00e9sekkel k\u00e9nyszer\u00edtsd az ellenfeleidet a dob\u00e1sra.<\/p>\n<p>Az online p\u00f3ker lehet\u0151s\u00e9get k\u00edn\u00e1l jelent\u0151s nyerem\u00e9nyalappal rendelkez\u0151 versenyeken val\u00f3 r\u00e9szv\u00e9telre is, amelyek nagysz\u00e1m\u00fa p\u00f3kerrajong\u00f3t vonzanak.<\/p>\n<h3>Lott\u00f3k \u00e9s kapar\u00f3s sorsjegyek Portug\u00e1li\u00e1ban<\/h3>\n<p>A lott\u00f3 \u00e9s a kapar\u00f3s sorsjegyek egyszer\u0171 \u00e9s gyors j\u00e1t\u00e9kok, ahol a bing\u00f3- \u00e9s lott\u00f3rajong\u00f3k gyorsan \u00e9rtes\u00fclhetnek nyerem\u00e9ny\u00fckr\u0151l. Az online nyerem\u00e9nyj\u00e1t\u00e9kok k\u00fcl\u00f6nb\u00f6z\u0151 form\u00e1tumokat tartalmaznak, p\u00e9ld\u00e1ul gyors nyerem\u00e9nyj\u00e1t\u00e9kokat \u00e9s bizonyos sz\u00fcnetekkel rendelkez\u0151 nyerem\u00e9nyj\u00e1t\u00e9kokat.<\/p>\n<p>A kapar\u00f3s sorsjegyekkel a rajong\u00f3k let\u00f6r\u00f6lhetik a fed\u0151r\u00e9teget, hogy t\u00e1j\u00e9koz\u00f3djanak a nyerem\u00e9nyr\u0151l. A n\u00e9pszer\u0171 kapar\u00f3s sorsjegyek k\u00f6z\u00e9 tartoznak p\u00e9ld\u00e1ul az \u00fczletekben megv\u00e1s\u00e1rolhat\u00f3 hagyom\u00e1nyos k\u00e1rty\u00e1k online form\u00e1tumai.<\/p>\n<h2>J\u00e1t\u00e9kok \u00e9l\u0151 keresked\u0151kkel<\/h2>\n<p>Az \u00e9l\u0151 oszt\u00f3kkal val\u00f3 sz\u00f3rakoz\u00e1s lehet\u0151s\u00e9get ad a j\u00e1t\u00e9kosoknak, hogy megtapasztalj\u00e1k egy igazi kaszin\u00f3 hangulat\u00e1t, otthon \u00fclve egy laptop vagy sz\u00e1m\u00edt\u00f3g\u00e9p el\u0151tt. Ezeket a j\u00e1t\u00e9kokat val\u00f3s id\u0151ben k\u00f6zvet\u00edtik az irod\u00e1kb\u00f3l vagy val\u00f3di kaszin\u00f3kb\u00f3l, \u00e9s a felhaszn\u00e1l\u00f3k cseveghetnek a h\u00e1zigazd\u00e1kkal.<\/p>\n<p>A f\u0151bb \u00e9l\u0151 keresked\u0151 sz\u00f3rakoztat\u00f3 form\u00e1tumok a k\u00f6vetkez\u0151k:<\/p>\n<ul>\n<li>\u00c9l\u0151 rulett<\/li>\n<li>\u00c9l\u0151 Blackjack<\/li>\n<li>\u00c9ljen a Baccarat<\/li>\n<\/ul>\n<p>Az ezekhez a j\u00e1t\u00e9kokhoz haszn\u00e1lt fejleszt\u00e9sek \u00e9s szoftverkomponensek kiv\u00e1l\u00f3 tartalommin\u0151s\u00e9get \u00e9s csatlakoz\u00e1si megb\u00edzhat\u00f3s\u00e1got biztos\u00edtanak.<\/p>\n<p>A webkaszin\u00f3k sz\u00f3rakoztat\u00e1s\u00e1nak sz\u00e9les v\u00e1laszt\u00e9ka vonz\u00f3v\u00e1 teszi ezeket a j\u00e1t\u00e9kokat a k\u00fcl\u00f6nb\u00f6z\u0151 preferenci\u00e1kkal rendelkez\u0151 szerencsej\u00e1t\u00e9kosok sz\u00e1m\u00e1ra. Eml\u00e9keztetni kell arra, hogy \u00e9rdemes olyan bev\u00e1lt webkaszin\u00f3t v\u00e1lasztani, amely biztons\u00e1got \u00e9s tisztess\u00e9ges j\u00e1t\u00e9kmenetet biztos\u00edt. A szerencsej\u00e1t\u00e9k felel\u0151ss\u00e9gteljes megk\u00f6zel\u00edt\u00e9s\u00e9hez \u00e9rdemes:<\/p>\n<ol>\n<li>Hat\u00e1rozza meg a befizet\u00e9sekre \u00e9s a fogad\u00e1si \u00f6sszegekre vonatkoz\u00f3 korl\u00e1tokat.<\/li>\n<li>Nem kell m\u00e1sok p\u00e9nz\u00e9vel j\u00e1tszani.<\/li>\n<li>Pihenjen, \u00e9s ne j\u00e1tsszon sok\u00e1ig a nyer\u0151g\u00e9pekkel.<\/li>\n<\/ol>\n<p>A portug\u00e1liai webkaszin\u00f3k j\u00f3l ismert j\u00e1t\u00e9kai k\u00f6z\u00e9 tartoznak a k\u00f6vetkez\u0151k:<\/p>\n<ul>\n<li>online rulett<\/li>\n<li>Blackjack<\/li>\n<li>virtu\u00e1lis p\u00f3ker<\/li>\n<li>Baccarat<\/li>\n<li>Bing\u00f3<\/li>\n<\/ul>\n<p>Ha a j\u00e1t\u00e9kost nem csak a szerencsej\u00e1t\u00e9k \u00e9rdekli, javasoljuk, hogy tekintse meg a magyar oktat\u00e1si oldal <a href=\"https:\/\/znaki.fm\/hu\/\">Znaki<\/a> f\u0151oldal\u00e1t, amely aktu\u00e1lis esem\u00e9nyeket \u00e9s publik\u00e1ci\u00f3kat tartalmaz.<\/p>\n<h2>K\u00f6vetkeztet\u00e9sek<\/h2>\n<p>A webkaszin\u00f3k j\u00e1t\u00e9kok sz\u00e9les v\u00e1laszt\u00e9k\u00e1t k\u00edn\u00e1lj\u00e1k minden \u00edzl\u00e9snek, a klasszikus asztali j\u00e1t\u00e9kokt\u00f3l a modern nyer\u0151g\u00e9pekig \u00e9s az \u00e9l\u0151 oszt\u00f3kkal val\u00f3 sz\u00f3rakoztat\u00e1sig. Fontos, hogy felel\u0151ss\u00e9gteljesen kezelj\u00fck a p\u00e9nzes j\u00e1t\u00e9kokat, \u00e9s Portug\u00e1li\u00e1ban megb\u00edzhat\u00f3 platformokat v\u00e1lasszunk a bev\u00e9telszerz\u00e9shez.<\/p>\n<p><\/p>","protected":false},"excerpt":{"rendered":"<p>Online kaszin\u00f3 ezek a hagyom\u00e1nyos kaszin\u00f3k virtu\u00e1lis anal\u00f3gjai, amelyek lehet\u0151v\u00e9 teszik a felhaszn\u00e1l\u00f3k sz\u00e1m\u00e1ra, hogy online oldalakon szerencsej\u00e1t\u00e9kot j\u00e1tsszanak. Az els\u0151 online kaszin\u00f3kat az 1990-es \u00e9vek k\u00f6zep\u00e9n hozt\u00e1k l\u00e9tre, \u00e9s az\u00f3ta jelent\u0151s v\u00e1ltoz\u00e1sokon mentek kereszt\u00fcl, \u00e9s \u00e1ltal\u00e1ban kellemess\u00e9 \u00e9s nyeres\u00e9gess\u00e9 v\u00e1ltak a portug\u00e1l j\u00e1t\u00e9kosok sz\u00e1m\u00e1ra. Lehet\u0151v\u00e9 teszik a j\u00f3l ismert sz\u00f3rakoztat\u00e1st otthonr\u00f3l val\u00f3 t\u00e1voz\u00e1s n\u00e9lk\u00fcl, [&hellip;]<\/p>\n","protected":false},"author":4,"featured_media":0,"parent":0,"menu_order":0,"comment_status":"closed","ping_status":"closed","template":"","meta":{"footnotes":""},"class_list":["post-7022","page","type-page","status-publish","hentry"],"_links":{"self":[{"href":"https:\/\/www.gitedelhonneux.be\/en\/wp-json\/wp\/v2\/pages\/7022","targetHints":{"allow":["GET"]}}],"collection":[{"href":"https:\/\/www.gitedelhonneux.be\/en\/wp-json\/wp\/v2\/pages"}],"about":[{"href":"https:\/\/www.gitedelhonneux.be\/en\/wp-json\/wp\/v2\/types\/page"}],"author":[{"embeddable":true,"href":"https:\/\/www.gitedelhonneux.be\/en\/wp-json\/wp\/v2\/users\/4"}],"replies":[{"embeddable":true,"href":"https:\/\/www.gitedelhonneux.be\/en\/wp-json\/wp\/v2\/comments?post=7022"}],"version-history":[{"count":1,"href":"https:\/\/www.gitedelhonneux.be\/en\/wp-json\/wp\/v2\/pages\/7022\/revisions"}],"predecessor-version":[{"id":7023,"href":"https:\/\/www.gitedelhonneux.be\/en\/wp-json\/wp\/v2\/pages\/7022\/revisions\/7023"}],"wp:attachment":[{"href":"https:\/\/www.gitedelhonneux.be\/en\/wp-json\/wp\/v2\/media?parent=7022"}],"curies":[{"name":"wp","href":"https:\/\/api.w.org\/{rel}","templated":true}]}}